{"id":152,"date":"2016-03-02T10:57:27","date_gmt":"2016-03-02T09:57:27","guid":{"rendered":"http:\/\/www.chevalley-sa.com\/?page_id=152"},"modified":"2024-04-09T15:21:05","modified_gmt":"2024-04-09T14:21:05","slug":"sels","status":"publish","type":"page","link":"http:\/\/www.chevalley-sa.com\/index.php\/sels\/","title":{"rendered":"Sels"},"content":{"rendered":"<div class=\"container text-center\">\n<ul class=\"content-menu\">\n<li><a href=\"#menu1\">Sels alimentaires<\/a><\/li>\n<li><a href=\"#menu2\">Sels r\u00e9g\u00e9n\u00e9rants<\/a><\/li>\n<li><a href=\"#menu3\">Sels pour l\u2019agriculture<\/a><\/li>\n<li><a href=\"#menu4\">Produits de d\u00e9neigement<\/a><\/li>\n<\/ul>\n<h3 style=\"margin-top: 20px;\">La vente de sels constitue une importante activit\u00e9 pour notre entreprise, en collaboration avec les Salines Suisses<\/h3>\n<\/div>\n<section>\n<div class=\"container\">\n<h2 id=\"menu1\">Sels alimentaires<\/h2>\n<div class=\"row vertical-align\"><div class=\"col-sm-6\">\n<h3>Le sel est un produit indispensable au corps humain. Il contribue non seulement \u00e0 la saveur de nos plats, mais aussi \u00e0 notre bonne sant\u00e9.<\/h3>\n<ul>\n<li>JuraSel\u00ae Sel alimentaire, 25 kg &#8211; <a href=\"https:\/\/www.chevalley-sa.com\/wp-content\/uploads\/2021\/03\/SPZ-1471F.pdf\" target=\"_blank\">Fiche de sp\u00e9cification<\/a><\/li>\n<li>JuraSel\u00ae Sel alimentaire avec iode et fluor, 25 kg &#8211; <a href=\"https:\/\/www.chevalley-sa.com\/wp-content\/uploads\/2021\/03\/SPZ-2143F.pdf\" target=\"_blank\">Fiche de sp\u00e9cification<\/a><\/li>\n<li>JuraSel\u00ae Sel de cuisine avec iode et fluor, 1 kg &#8211; <a href=\"https:\/\/www.chevalley-sa.com\/wp-content\/uploads\/2021\/03\/SPZ-1633F.pdf\" target=\"_blank\">Fiche de sp\u00e9cification<\/a><\/li>\n<li>JuraSel\u00ae Sel alimentaire avec iode, 25 kg &#8211; <a href=\"https:\/\/www.chevalley-sa.com\/wp-content\/uploads\/2021\/03\/SPZ-1545F.pdf\" target=\"_blank\">Fiche de sp\u00e9cification<\/a><\/li>\n<li>Sel fromager 25-12, 25 kg <a href=\"https:\/\/www.chevalley-sa.com\/wp-content\/uploads\/2021\/03\/SPZ-5591F.pdf\">Fiche de sp\u00e9cification<\/a><\/li>\n<li>Sel nitrit\u00e9 pour saumure, 25 kg &#8211; <a href=\"https:\/\/www.chevalley-sa.com\/wp-content\/uploads\/2021\/03\/SPZ-4832F.pdf\" target=\"_blank\">Fiche de sp\u00e9cification<\/a><\/li>\n<li>Sel de mer fin ou grossier, 25 kg <a href=\"https:\/\/www.chevalley-sa.com\/wp-content\/uploads\/2021\/03\/9257-Meersalz-fein-25kg_D.pdf\">Fiche de sp\u00e9cification<\/a> \/ <a href=\"https:\/\/www.chevalley-sa.com\/wp-content\/uploads\/2021\/03\/8862-Meersalz-grob-unbehandelt-F.pdf\">Fiche de sp\u00e9cification<\/a><\/li>\n<\/ul>\n<p><\/p><\/div><div class=\"col-sm-6\"><img loading=\"lazy\" decoding=\"async\" class=\"img-circle p20 aligncenter size-full\" src=\"https:\/\/www.chevalley-sa.com\/wp-content\/uploads\/2016\/03\/Sels-alimentaires.jpeg\" alt=\"Sels alimentaires\" width=\"700\" height=\"525\" \/><\/div><\/div>\n<\/div>\n<\/section>\n<section class=\"bg-light-green\">\n<div class=\"container\">\n<h2 id=\"menu2\">Sels r\u00e9g\u00e9n\u00e9rants<\/h2>\n<h3>L\u2019eau douce sans calcaire est utilis\u00e9e, entre autres, pour la pr\u00e9paration du th\u00e9 et du caf\u00e9 ou encore pour le repassage. Elle sert aussi \u00e0 d\u00e9sinfecter l\u2019eau des piscines. Le sel r\u00e9g\u00e9n\u00e9rant est un produit indispensable.<\/h3>\n<ul>\n<li>Reosal\u00ae Pastilles de sel raffin\u00e9, 10 kg &#8211; <a href=\"https:\/\/www.chevalley-sa.com\/wp-content\/uploads\/2021\/03\/SPZ-4470F.pdf\" target=\"_blank\">Fiche de sp\u00e9cification<\/a><\/li>\n<li>Reosal\u00ae Pastilles de sel raffin\u00e9, 25 kg &#8211; <a href=\"https:\/\/www.chevalley-sa.com\/wp-content\/uploads\/2021\/03\/SPZ-4470F.pdf\" target=\"_blank\">Fiche de sp\u00e9cification<\/a><\/li>\n<li>Reosal\u00ae Sel r\u00e9g\u00e9n\u00e9rant fin, 25 kg &#8211; <a href=\"https:\/\/www.chevalley-sa.com\/wp-content\/uploads\/2021\/03\/SPZ-4440F.pdf\" target=\"_blank\">Fiche de sp\u00e9cification<\/a><\/li>\n<\/ul>\n<\/div>\n<\/section>\n<section>\n<div class=\"container\">\n<h2 id=\"menu3\">Sels pour l\u2019agriculture<\/h2>\n<h3>Les sels agricoles jouent un r\u00f4le essentiel dans l\u2019\u00e9levage. C\u2019est un compl\u00e9ment indispensable de la nourriture pour b\u00e9tail.<\/h3>\n<ul>\n<li>SEL D\u2019AFFOURAGEMENT, 25 kg &#8211; <a href=\"https:\/\/www.chevalley-sa.com\/wp-content\/uploads\/2021\/03\/SPZ-3400F.pdf\" target=\"_blank\">Fiche de sp\u00e9cification<\/a><\/li>\n<li>SEL POUR LE BETAIL avec iode (aliment simple), 25 kg &#8211; <a href=\"http:\/\/www.chevalley-sa.com\/wp-content\/uploads\/2021\/03\/SPZ-3153F.pdf\" target=\"_blank\">Fiche de sp\u00e9cification<\/a><\/li>\n<li>SELPUR, pierre \u00e0 sel 25 kg <a href=\"https:\/\/www.chevalley-sa.com\/wp-content\/uploads\/2021\/03\/3041-SALINS-SELPUR-25-KG-FRANCAIS.pdf\">Fiche de sp\u00e9cification<\/a><\/li>\n<li>SWISSBLOC\u00ae bloc de sel \u00e0 l\u00e9cher avec iode (aliment simple), 5 kg <a href=\"https:\/\/www.chevalley-sa.com\/wp-content\/uploads\/2021\/03\/3901-LS-AGRISal-Steinsalz-mit-Iod-f.pdf\">Fiche de sp\u00e9cification<\/a><\/li>\n<\/ul>\n<\/div>\n<\/section>\n<section class=\"bg-light-green\">\n<div class=\"container\">\n<h2 id=\"menu4\">Produits de d\u00e9neigement<\/h2>\n<div class=\"row vertical-align\"><div class=\"col-sm-6\">\n<p>&nbsp;<\/p>\n<p><img loading=\"lazy\" decoding=\"async\" class=\"img-circle p20 aligncenter size-full\" src=\"https:\/\/www.chevalley-sa.com\/wp-content\/uploads\/2016\/03\/Sel-de-d\u00e9neigement.jpg\" alt=\"Sel de d\u00e9neigement\" width=\"700\" height=\"525\" \/><\/p>\n<p><\/p><\/div><div class=\"col-sm-6\">\n<h3>La mobilit\u00e9 garantie m\u00eame pendant la p\u00e9riode la plus froide de l\u2019ann\u00e9e: nos produits de d\u00e9neigement<sup>\u00ae<\/sup> sont toujours disponibles en quantit\u00e9 suffisante.<\/h3>\n<ul>\n<li>TAUFIX\u00ae Sel \u00e0 d\u00e9geler 1.5,\u00a0 en 10 kg, 25 kg ou big-bag &#8211; <a href=\"http:\/\/www.chevalley-sa.com\/wp-content\/uploads\/2021\/03\/sel-\u00e0-d\u00e9geler.pdf\" target=\"_blank\">Fiche de sp\u00e9cification<\/a><\/li>\n<li>DI-MIX\u00a0 en 25 kg ou big-bag.\u00a0 <a href=\"https:\/\/www.chevalley-sa.com\/wp-content\/uploads\/2017\/01\/D\u00e9tails-du-produit.pdf\" rel=\"\">D\u00e9tails du produit<\/a>\u00a0\/ <a href=\"https:\/\/www.chevalley-sa.com\/wp-content\/uploads\/2017\/01\/Fiche-de-sp\u00e9cification.pdf\" rel=\"\">Fiche de sp\u00e9cification<\/a><\/li>\n<li>CHLORURE DE MAGNESIUM en 25 kg ou big-bag &#8211; <a href=\"https:\/\/www.chevalley-sa.com\/wp-content\/uploads\/2016\/06\/CHLORURE_MAGNESIUM.pdf\" target=\"_blank\" rel=\"\">Fiche de sp\u00e9cification<\/a><\/li>\n<\/ul>\n<p><\/p><\/div><\/div>\n<\/div>\n<\/section>\n","protected":false},"excerpt":{"rendered":"<p>Sels alimentaires Sels r\u00e9g\u00e9n\u00e9rants Sels pour l\u2019agriculture Produits de d\u00e9neigement La vente de sels constitue une importante activit\u00e9 pour notre entreprise, en collaboration avec les Salines Suisses Sels alimentaires Sels r\u00e9g\u00e9n\u00e9rants L\u2019eau douce sans calcaire est utilis\u00e9e, entre autres, pour la pr\u00e9paration du th\u00e9 et du caf\u00e9 ou encore pour le repassage. Elle sert aussi [&hellip;]<\/p>\n","protected":false},"author":1,"featured_media":0,"parent":0,"menu_order":0,"comment_status":"closed","ping_status":"closed","template":"template-page-no-container.php","meta":{"footnotes":""},"class_list":["post-152","page","type-page","status-publish","hentry"],"_links":{"self":[{"href":"http:\/\/www.chevalley-sa.com\/index.php\/wp-json\/wp\/v2\/pages\/152","targetHints":{"allow":["GET"]}}],"collection":[{"href":"http:\/\/www.chevalley-sa.com\/index.php\/wp-json\/wp\/v2\/pages"}],"about":[{"href":"http:\/\/www.chevalley-sa.com\/index.php\/wp-json\/wp\/v2\/types\/page"}],"author":[{"embeddable":true,"href":"http:\/\/www.chevalley-sa.com\/index.php\/wp-json\/wp\/v2\/users\/1"}],"replies":[{"embeddable":true,"href":"http:\/\/www.chevalley-sa.com\/index.php\/wp-json\/wp\/v2\/comments?post=152"}],"version-history":[{"count":63,"href":"http:\/\/www.chevalley-sa.com\/index.php\/wp-json\/wp\/v2\/pages\/152\/revisions"}],"predecessor-version":[{"id":1224,"href":"http:\/\/www.chevalley-sa.com\/index.php\/wp-json\/wp\/v2\/pages\/152\/revisions\/1224"}],"wp:attachment":[{"href":"http:\/\/www.chevalley-sa.com\/index.php\/wp-json\/wp\/v2\/media?parent=152"}],"curies":[{"name":"wp","href":"https:\/\/api.w.org\/{rel}","templated":true}]}}