{"id":145,"date":"2016-03-02T10:33:29","date_gmt":"2016-03-02T09:33:29","guid":{"rendered":"http:\/\/www.chevalley-sa.com\/?page_id=145"},"modified":"2025-05-27T12:13:26","modified_gmt":"2025-05-27T11:13:26","slug":"restauration-manifestations","status":"publish","type":"page","link":"https:\/\/www.chevalley-sa.com\/index.php\/restauration-manifestations\/","title":{"rendered":"Restauration \u2013 manifestations"},"content":{"rendered":"<div class=\"container text-center\">\n<ul class=\"content-menu\">\n<li><a href=\"#menu1\">Produits frais et surgel\u00e9s<\/a><\/li>\n<li><a href=\"#menu2\">Vaisselle jetable<\/a><\/li>\n<li><a href=\"#menu3\">Prestations de service<\/a><\/li>\n<\/ul>\n<\/div>\n<section>\n<div class=\"container\">\n<h2 id=\"menu1\">Produits frais et surgel\u00e9s<\/h2>\n<div class=\"row vertical-align\"><div class=\"col-sm-6\">\n<p><b>\u00c9tant une entreprise li\u00e9e au domaine agricole, nous nous sommes diversifi\u00e9s en nous orientant vers la vente de produits \u00e0 base de pommes-de-terre.<\/b><\/p>\n<p>Bien que les frites fra\u00eeches demeurent notre produit \u00ab phare \u00bb, nous proposons \u00e9galement une large gamme de produits frais ou surgel\u00e9s pour les restaurateurs, pour les soci\u00e9t\u00e9s organisant des manifestations et les clients priv\u00e9s.<\/p>\n<p>Voir le <a href=\"http:\/\/www.chevalley-sa.com\/wp-content\/uploads\/2016\/03\/Liste-de-prix-manif-\u00e0-jour-sans-prix-OK.doc\" rel=\"\">catalogue<\/a> qui ne constitue que l\u2019essentiel de notre gamme et nous r\u00e9pondrons \u00e0 toute demande pour tout autre produit.<\/p>\n<p>&nbsp;<\/p>\n<p><\/p><\/div><div class=\"col-sm-6\">\n<p><img loading=\"lazy\" decoding=\"async\" class=\"img-circle p40 aligncenter\" src=\"https:\/\/www.chevalley-sa.com\/wp-content\/uploads\/2016\/03\/produits-surgel\u00e9s-300x225.jpg\" alt=\"produits surgel\u00e9s\" width=\"500\" height=\"375\" \/><\/p>\n<p><\/p><\/div><\/div>\n<\/div>\n<\/section>\n<section class=\"bg-light-green\">\n<div class=\"container\">\n<h2 id=\"menu2\">Vaisselle jetable<\/h2>\n<p><b>Nous avons tout le mat\u00e9riel n\u00e9cessaire pour une manifestation r\u00e9ussie et un partenariat de confiance.<\/b><\/p>\n<ul>\n<li>Gamme biod\u00e9gradable et compostable bio naturelle<\/li>\n<li>Gamme conventionnelle en plastique PP ou PS<\/li>\n<li>Gamme en carton recycl\u00e9 Kraft<\/li>\n<\/ul>\n<p>Voir le <a href=\"http:\/\/www.chevalley-sa.com\/wp-content\/uploads\/2025\/03\/Catalogue-vaisselle-courante.xls\" rel=\"\">catalogue<\/a> de notre vaisselle jetable<\/p>\n<\/div>\n<\/section>\n<section>\n<div class=\"container\">\n<h2 id=\"menu3\">Prestations de service<\/h2>\n<p><br class=\"nc\" \/><div class=\"col-sm-6\"><img loading=\"lazy\" decoding=\"async\" class=\"img-circle p40 aligncenter\" src=\"https:\/\/www.chevalley-sa.com\/wp-content\/uploads\/2016\/03\/Prestation-de-service.jpeg\" alt=\"Prestation de service\" width=\"500\" height=\"375\" \/><\/div><br class=\"nc\" \/><div class=\"col-sm-6\">\n<p>Parall\u00e8lement \u00e0 la vente de frites, nous mettons \u00e0 disposition des friteuses industrielles de grande capacit\u00e9.<\/p>\n<p><u>Pour vos manifestations<\/u><\/p>\n<ul>\n<li>Location de friteuses industrielles<\/li>\n<li>Pr\u00eat de cong\u00e9lateurs<\/li>\n<li>Reprise des invendus<\/li>\n<\/ul>\n<p><\/p><\/div><\/p>\n<\/div>\n<\/section>\n","protected":false},"excerpt":{"rendered":"<p>Produits frais et surgel\u00e9s Vaisselle jetable Prestations de service Produits frais et surgel\u00e9s Vaisselle jetable Nous avons tout le mat\u00e9riel n\u00e9cessaire pour une manifestation r\u00e9ussie et un partenariat de confiance. Gamme biod\u00e9gradable et compostable bio naturelle Gamme conventionnelle en plastique PP ou PS Gamme en carton recycl\u00e9 Kraft Voir le catalogue de notre vaisselle jetable [&hellip;]<\/p>\n","protected":false},"author":1,"featured_media":0,"parent":0,"menu_order":0,"comment_status":"closed","ping_status":"closed","template":"template-page-no-container.php","meta":{"footnotes":""},"class_list":["post-145","page","type-page","status-publish","hentry"],"_links":{"self":[{"href":"https:\/\/www.chevalley-sa.com\/index.php\/wp-json\/wp\/v2\/pages\/145","targetHints":{"allow":["GET"]}}],"collection":[{"href":"https:\/\/www.chevalley-sa.com\/index.php\/wp-json\/wp\/v2\/pages"}],"about":[{"href":"https:\/\/www.chevalley-sa.com\/index.php\/wp-json\/wp\/v2\/types\/page"}],"author":[{"embeddable":true,"href":"https:\/\/www.chevalley-sa.com\/index.php\/wp-json\/wp\/v2\/users\/1"}],"replies":[{"embeddable":true,"href":"https:\/\/www.chevalley-sa.com\/index.php\/wp-json\/wp\/v2\/comments?post=145"}],"version-history":[{"count":58,"href":"https:\/\/www.chevalley-sa.com\/index.php\/wp-json\/wp\/v2\/pages\/145\/revisions"}],"predecessor-version":[{"id":1320,"href":"https:\/\/www.chevalley-sa.com\/index.php\/wp-json\/wp\/v2\/pages\/145\/revisions\/1320"}],"wp:attachment":[{"href":"https:\/\/www.chevalley-sa.com\/index.php\/wp-json\/wp\/v2\/media?parent=145"}],"curies":[{"name":"wp","href":"https:\/\/api.w.org\/{rel}","templated":true}]}}